{"id":3123,"date":"2024-09-28T15:12:54","date_gmt":"2024-09-28T15:12:54","guid":{"rendered":"https:\/\/demo.rivaxstudio.com\/syron\/main\/?page_id=3123"},"modified":"2025-08-24T22:21:52","modified_gmt":"2025-08-24T19:21:52","slug":"iletisim","status":"publish","type":"page","link":"https:\/\/medikalog.com\/mblog\/iletisim\/","title":{"rendered":"\u0130leti\u015fim"},"content":{"rendered":"\t\t<div data-elementor-type=\"wp-page\" data-elementor-id=\"3123\" class=\"elementor elementor-3123\">\n\t\t\t\t<div class=\"elementor-element elementor-element-f5b87e6 e-flex e-con-boxed e-con e-parent\" data-id=\"f5b87e6\" data-element_type=\"container\">\n\t\t\t\t\t<div class=\"e-con-inner\">\n\t\t<div class=\"elementor-element elementor-element-12acdab e-con-full e-flex e-con e-child\" data-id=\"12acdab\" data-element_type=\"container\">\n\t\t<div class=\"elementor-element elementor-element-828f175 e-con-full e-flex e-con e-child\" data-id=\"828f175\" data-element_type=\"container\" data-settings=\"{&quot;background_background&quot;:&quot;classic&quot;}\">\n\t\t\t\t<div class=\"elementor-element elementor-element-02e8746 elementor-widget elementor-widget-heading\" data-id=\"02e8746\" data-element_type=\"widget\" data-widget_type=\"heading.default\">\n\t\t\t\t\t<span class=\"elementor-heading-title elementor-size-default\">\u00c7\u00f6z\u00fcld\u00fc\n<\/span>\t\t\t\t<\/div>\n\t\t\t\t<div class=\"elementor-element elementor-element-8e95821 elementor-widget elementor-widget-heading\" data-id=\"8e95821\" data-element_type=\"widget\" data-widget_type=\"heading.default\">\n\t\t\t\t\t<h6 class=\"elementor-heading-title elementor-size-default\">Soru(n) mu var?<\/h6>\t\t\t\t<\/div>\n\t\t\t\t<\/div>\n\t\t\t\t<div class=\"elementor-element elementor-element-22b734b elementor-widget rivax-advanced-heading-widget\" data-id=\"22b734b\" data-element_type=\"widget\" data-widget_type=\"rivax-advanced-heading.default\">\n\t\t\t\t<div class=\"elementor-widget-container\">\n\t\t\t\t\t\r\n<h2 class=\"rivax-advanced-heading-tag\">\r\n<span class=\"rivax-advanced-heading-wrap\" data-background-text=\"\">\r\n        <span class=\"rivax-advanced-heading-one\">Soru(n) mu var?<\/span>\r\n                <span class=\"rivax-advanced-heading-three\">Bizimle \u0130leti\u015fime Ge\u00e7in<\/span>\r\n        <span class=\"rivax-advanced-heading-border\"><\/span>\r\n<\/span>\r\n<\/h2>\t\t\t\t<\/div>\n\t\t\t\t<\/div>\n\t\t\t\t<div class=\"elementor-element elementor-element-2136cd1 elementor-widget__width-initial elementor-widget elementor-widget-text-editor\" data-id=\"2136cd1\" data-element_type=\"widget\" data-widget_type=\"text-editor.default\">\n\t\t\t\t\t\t\t\t\t<p>Uyku apnesi ve solunum cihazlar\u0131 ile ilgili sorular\u0131n\u0131z m\u0131 var? Size en k\u0131sa s\u00fcrede d\u00f6n\u00fc\u015f yapmak i\u00e7in buraday\u0131z.<\/p>\t\t\t\t\t\t\t\t<\/div>\n\t\t\t\t<\/div>\n\t\t<div class=\"elementor-element elementor-element-d29cb46 e-con-full e-flex e-con e-child\" data-id=\"d29cb46\" data-element_type=\"container\">\n\t\t\t\t<div class=\"elementor-element elementor-element-7d40136 elementor-widget rivax-contact-form-widget\" data-id=\"7d40136\" data-element_type=\"widget\" data-widget_type=\"rivax-contact-form.default\">\n\t\t\t\t<div class=\"elementor-widget-container\">\n\t\t\t\t\t\r\n<div class=\"rivax-contact-form-wrapper\">\r\n    <form method=\"post\" class=\"rivax-contact-form\">\r\n        <div class=\"fields-wrapper\">\r\n            <div class=\"field-wrap first-name-wrap\">\r\n                                <input type=\"text\" placeholder=\"\u0130sim\" name=\"first-name\" id=\"first-name\" required>\r\n            <\/div>\r\n                        <div class=\"field-wrap last-name-wrap\">\r\n                                <input type=\"text\" placeholder=\"Soyisim\" name=\"last-name\" id=\"last-name\" required>\r\n            <\/div>\r\n                        <div class=\"field-wrap email-wrap\">\r\n                                <input type=\"email\" placeholder=\"Email\" name=\"email\" id=\"email\" required>\r\n            <\/div>\r\n                        <div class=\"field-wrap message-wrap\">\r\n                                <textarea placeholder=\"Mesaj\u0131n\u0131z\" name=\"message\" id=\"message\" cols=\"30\" rows=\"10\" minlength=\"5\" required><\/textarea>\r\n            <\/div>\r\n        <\/div>\r\n        <div class=\"submit-wrapper\">\r\n            <button type=\"submit\" class=\"button submit-btn\">G\u00f6nder <span class=\"btn-loading-bar\"><\/span><\/button>\r\n        <\/div>\r\n    <\/form>\r\n    <div class=\"msg-wrapper\">\r\n        <span class=\"msg\" data-success=\"Te\u015fekk\u00fcr ederiz! Mesaj\u0131n\u0131z bize ula\u015ft\u0131.\" data-error=\"Bir hata olu\u015ftu. L\u00fctfen tekrar deneyin!\" data-fill=\"L\u00fctfen t\u00fcm alanlar\u0131 doldurun.\"><\/span>\r\n    <\/div>\r\n<\/div>\t\t\t\t<\/div>\n\t\t\t\t<\/div>\n\t\t\t\t<\/div>\n\t\t\t\t\t<\/div>\n\t\t\t\t<\/div>\n\t\t<div class=\"elementor-element elementor-element-b803051 e-flex e-con-boxed e-con e-parent\" data-id=\"b803051\" data-element_type=\"container\">\n\t\t\t\t\t<div class=\"e-con-inner\">\n\t\t<div class=\"elementor-element elementor-element-59a0a55 e-con-full e-flex e-con e-child\" data-id=\"59a0a55\" data-element_type=\"container\">\n\t\t\t\t<div class=\"elementor-element elementor-element-d37e74d rivax-align-center elementor-widget rivax-advanced-heading-widget\" data-id=\"d37e74d\" data-element_type=\"widget\" data-widget_type=\"rivax-advanced-heading.default\">\n\t\t\t\t<div class=\"elementor-widget-container\">\n\t\t\t\t\t\r\n<h3 class=\"rivax-advanced-heading-tag\">\r\n<span class=\"rivax-advanced-heading-wrap\" data-background-text=\"SSS\">\r\n        <span class=\"rivax-advanced-heading-one\">SORU(N)lar\u0131n\u0131z varsa<\/span>\r\n                <span class=\"rivax-advanced-heading-three\">\u00c7\u00d6Z\u00dcMlerimiz var<\/span>\r\n        <span class=\"rivax-advanced-heading-border\"><\/span>\r\n<\/span>\r\n<\/h3>\t\t\t\t<\/div>\n\t\t\t\t<\/div>\n\t\t<div class=\"elementor-element elementor-element-2322fe9 e-con-full card-layout-w e-flex e-con e-child\" data-id=\"2322fe9\" data-element_type=\"container\">\n\t\t\t\t<div class=\"elementor-element elementor-element-e4887e8 elementor-widget elementor-widget-toggle\" data-id=\"e4887e8\" data-element_type=\"widget\" data-widget_type=\"toggle.default\">\n\t\t\t\t\t\t\t<div class=\"elementor-toggle\">\n\t\t\t\t\t\t\t<div class=\"elementor-toggle-item\">\n\t\t\t\t\t<div id=\"elementor-tab-title-2391\" class=\"elementor-tab-title\" data-tab=\"1\" role=\"button\" aria-controls=\"elementor-tab-content-2391\" aria-expanded=\"false\">\n\t\t\t\t\t\t\t\t\t\t\t\t<span class=\"elementor-toggle-icon elementor-toggle-icon-right\" aria-hidden=\"true\">\n\t\t\t\t\t\t\t\t\t\t\t\t\t\t\t<span class=\"elementor-toggle-icon-closed\"><svg class=\"e-font-icon-svg e-fas-chevron-down\" viewBox=\"0 0 448 512\" xmlns=\"http:\/\/www.w3.org\/2000\/svg\"><path d=\"M207.029 381.476L12.686 187.132c-9.373-9.373-9.373-24.569 0-33.941l22.667-22.667c9.357-9.357 24.522-9.375 33.901-.04L224 284.505l154.745-154.021c9.379-9.335 24.544-9.317 33.901.04l22.667 22.667c9.373 9.373 9.373 24.569 0 33.941L240.971 381.476c-9.373 9.372-24.569 9.372-33.942 0z\"><\/path><\/svg><\/span>\n\t\t\t\t\t\t\t\t<span class=\"elementor-toggle-icon-opened\"><svg class=\"elementor-toggle-icon-opened e-font-icon-svg e-fas-chevron-up\" viewBox=\"0 0 448 512\" xmlns=\"http:\/\/www.w3.org\/2000\/svg\"><path d=\"M240.971 130.524l194.343 194.343c9.373 9.373 9.373 24.569 0 33.941l-22.667 22.667c-9.357 9.357-24.522 9.375-33.901.04L224 227.495 69.255 381.516c-9.379 9.335-24.544 9.317-33.901-.04l-22.667-22.667c-9.373-9.373-9.373-24.569 0-33.941L207.03 130.525c9.372-9.373 24.568-9.373 33.941-.001z\"><\/path><\/svg><\/span>\n\t\t\t\t\t\t\t\t\t\t\t\t\t<\/span>\n\t\t\t\t\t\t\t\t\t\t\t\t<a class=\"elementor-toggle-title\" tabindex=\"0\">CPAP cihaz\u0131 nedir ve nas\u0131l \u00e7al\u0131\u015f\u0131r?<\/a>\n\t\t\t\t\t<\/div>\n\n\t\t\t\t\t<div id=\"elementor-tab-content-2391\" class=\"elementor-tab-content elementor-clearfix\" data-tab=\"1\" role=\"region\" aria-labelledby=\"elementor-tab-title-2391\"><p>CPAP cihaz\u0131 (S\u00fcrekli Pozitif Havayolu Bas\u0131nc\u0131), uyku apnesi hastalar\u0131n\u0131n uyku s\u0131ras\u0131nda solunum yollar\u0131n\u0131n a\u00e7\u0131k kalmas\u0131n\u0131 sa\u011flayan bir tedavi cihaz\u0131d\u0131r. Burundan veya a\u011f\u0131zdan verilen sabit bas\u0131n\u00e7l\u0131 hava sayesinde solunum durmalar\u0131 \u00f6nlenir ve kaliteli bir uyku sa\u011flan\u0131r.<\/p><\/div>\n\t\t\t\t<\/div>\n\t\t\t\t\t\t\t<div class=\"elementor-toggle-item\">\n\t\t\t\t\t<div id=\"elementor-tab-title-2392\" class=\"elementor-tab-title\" data-tab=\"2\" role=\"button\" aria-controls=\"elementor-tab-content-2392\" aria-expanded=\"false\">\n\t\t\t\t\t\t\t\t\t\t\t\t<span class=\"elementor-toggle-icon elementor-toggle-icon-right\" aria-hidden=\"true\">\n\t\t\t\t\t\t\t\t\t\t\t\t\t\t\t<span class=\"elementor-toggle-icon-closed\"><svg class=\"e-font-icon-svg e-fas-chevron-down\" viewBox=\"0 0 448 512\" xmlns=\"http:\/\/www.w3.org\/2000\/svg\"><path d=\"M207.029 381.476L12.686 187.132c-9.373-9.373-9.373-24.569 0-33.941l22.667-22.667c9.357-9.357 24.522-9.375 33.901-.04L224 284.505l154.745-154.021c9.379-9.335 24.544-9.317 33.901.04l22.667 22.667c9.373 9.373 9.373 24.569 0 33.941L240.971 381.476c-9.373 9.372-24.569 9.372-33.942 0z\"><\/path><\/svg><\/span>\n\t\t\t\t\t\t\t\t<span class=\"elementor-toggle-icon-opened\"><svg class=\"elementor-toggle-icon-opened e-font-icon-svg e-fas-chevron-up\" viewBox=\"0 0 448 512\" xmlns=\"http:\/\/www.w3.org\/2000\/svg\"><path d=\"M240.971 130.524l194.343 194.343c9.373 9.373 9.373 24.569 0 33.941l-22.667 22.667c-9.357 9.357-24.522 9.375-33.901.04L224 227.495 69.255 381.516c-9.379 9.335-24.544 9.317-33.901-.04l-22.667-22.667c-9.373-9.373-9.373-24.569 0-33.941L207.03 130.525c9.372-9.373 24.568-9.373 33.941-.001z\"><\/path><\/svg><\/span>\n\t\t\t\t\t\t\t\t\t\t\t\t\t<\/span>\n\t\t\t\t\t\t\t\t\t\t\t\t<a class=\"elementor-toggle-title\" tabindex=\"0\">CPAP maskemi nas\u0131l se\u00e7meliyim?<\/a>\n\t\t\t\t\t<\/div>\n\n\t\t\t\t\t<div id=\"elementor-tab-content-2392\" class=\"elementor-tab-content elementor-clearfix\" data-tab=\"2\" role=\"region\" aria-labelledby=\"elementor-tab-title-2392\"><p data-start=\"528\" data-end=\"781\">Maskenizi se\u00e7erken y\u00fcz \u015feklinize, nefes alma al\u0131\u015fkanl\u0131klar\u0131n\u0131za ve uyku pozisyonunuza dikkat etmelisiniz. Burun maskeleri hafif ve pratikken, tam y\u00fcz maskeleri a\u011f\u0131zdan soluyanlar i\u00e7in uygundur. Do\u011fru maske se\u00e7imi tedavinin ba\u015far\u0131s\u0131n\u0131 do\u011frudan etkiler.<\/p><\/div>\n\t\t\t\t<\/div>\n\t\t\t\t\t\t\t<div class=\"elementor-toggle-item\">\n\t\t\t\t\t<div id=\"elementor-tab-title-2393\" class=\"elementor-tab-title\" data-tab=\"3\" role=\"button\" aria-controls=\"elementor-tab-content-2393\" aria-expanded=\"false\">\n\t\t\t\t\t\t\t\t\t\t\t\t<span class=\"elementor-toggle-icon elementor-toggle-icon-right\" aria-hidden=\"true\">\n\t\t\t\t\t\t\t\t\t\t\t\t\t\t\t<span class=\"elementor-toggle-icon-closed\"><svg class=\"e-font-icon-svg e-fas-chevron-down\" viewBox=\"0 0 448 512\" xmlns=\"http:\/\/www.w3.org\/2000\/svg\"><path d=\"M207.029 381.476L12.686 187.132c-9.373-9.373-9.373-24.569 0-33.941l22.667-22.667c9.357-9.357 24.522-9.375 33.901-.04L224 284.505l154.745-154.021c9.379-9.335 24.544-9.317 33.901.04l22.667 22.667c9.373 9.373 9.373 24.569 0 33.941L240.971 381.476c-9.373 9.372-24.569 9.372-33.942 0z\"><\/path><\/svg><\/span>\n\t\t\t\t\t\t\t\t<span class=\"elementor-toggle-icon-opened\"><svg class=\"elementor-toggle-icon-opened e-font-icon-svg e-fas-chevron-up\" viewBox=\"0 0 448 512\" xmlns=\"http:\/\/www.w3.org\/2000\/svg\"><path d=\"M240.971 130.524l194.343 194.343c9.373 9.373 9.373 24.569 0 33.941l-22.667 22.667c-9.357 9.357-24.522 9.375-33.901.04L224 227.495 69.255 381.516c-9.379 9.335-24.544 9.317-33.901-.04l-22.667-22.667c-9.373-9.373-9.373-24.569 0-33.941L207.03 130.525c9.372-9.373 24.568-9.373 33.941-.001z\"><\/path><\/svg><\/span>\n\t\t\t\t\t\t\t\t\t\t\t\t\t<\/span>\n\t\t\t\t\t\t\t\t\t\t\t\t<a class=\"elementor-toggle-title\" tabindex=\"0\">Oksijen konsantrat\u00f6r\u00fc ile oksijen t\u00fcp\u00fc aras\u0131ndaki fark nedir?<\/a>\n\t\t\t\t\t<\/div>\n\n\t\t\t\t\t<div id=\"elementor-tab-content-2393\" class=\"elementor-tab-content elementor-clearfix\" data-tab=\"3\" role=\"region\" aria-labelledby=\"elementor-tab-title-2393\"><p data-start=\"860\" data-end=\"1135\">Oksijen t\u00fcpleri i\u00e7inde s\u0131n\u0131rl\u0131 miktarda s\u0131k\u0131\u015ft\u0131r\u0131lm\u0131\u015f oksijen bar\u0131nd\u0131r\u0131r ve bitti\u011finde doldurulmas\u0131 gerekir. Oksijen konsantrat\u00f6rleri ise ortam havas\u0131n\u0131 filtreleyerek s\u00fcrekli oksijen \u00fcretir. Bu nedenle evde uzun s\u00fcreli kullan\u0131m i\u00e7in konsantrat\u00f6r daha ekonomik ve pratiktir.<\/p><\/div>\n\t\t\t\t<\/div>\n\t\t\t\t\t\t\t<div class=\"elementor-toggle-item\">\n\t\t\t\t\t<div id=\"elementor-tab-title-2394\" class=\"elementor-tab-title\" data-tab=\"4\" role=\"button\" aria-controls=\"elementor-tab-content-2394\" aria-expanded=\"false\">\n\t\t\t\t\t\t\t\t\t\t\t\t<span class=\"elementor-toggle-icon elementor-toggle-icon-right\" aria-hidden=\"true\">\n\t\t\t\t\t\t\t\t\t\t\t\t\t\t\t<span class=\"elementor-toggle-icon-closed\"><svg class=\"e-font-icon-svg e-fas-chevron-down\" viewBox=\"0 0 448 512\" xmlns=\"http:\/\/www.w3.org\/2000\/svg\"><path d=\"M207.029 381.476L12.686 187.132c-9.373-9.373-9.373-24.569 0-33.941l22.667-22.667c9.357-9.357 24.522-9.375 33.901-.04L224 284.505l154.745-154.021c9.379-9.335 24.544-9.317 33.901.04l22.667 22.667c9.373 9.373 9.373 24.569 0 33.941L240.971 381.476c-9.373 9.372-24.569 9.372-33.942 0z\"><\/path><\/svg><\/span>\n\t\t\t\t\t\t\t\t<span class=\"elementor-toggle-icon-opened\"><svg class=\"elementor-toggle-icon-opened e-font-icon-svg e-fas-chevron-up\" viewBox=\"0 0 448 512\" xmlns=\"http:\/\/www.w3.org\/2000\/svg\"><path d=\"M240.971 130.524l194.343 194.343c9.373 9.373 9.373 24.569 0 33.941l-22.667 22.667c-9.357 9.357-24.522 9.375-33.901.04L224 227.495 69.255 381.516c-9.379 9.335-24.544 9.317-33.901-.04l-22.667-22.667c-9.373-9.373-9.373-24.569 0-33.941L207.03 130.525c9.372-9.373 24.568-9.373 33.941-.001z\"><\/path><\/svg><\/span>\n\t\t\t\t\t\t\t\t\t\t\t\t\t<\/span>\n\t\t\t\t\t\t\t\t\t\t\t\t<a class=\"elementor-toggle-title\" tabindex=\"0\">Evde uyku apnesi tedavisi i\u00e7in hangi cihazlar kullan\u0131l\u0131r?<\/a>\n\t\t\t\t\t<\/div>\n\n\t\t\t\t\t<div id=\"elementor-tab-content-2394\" class=\"elementor-tab-content elementor-clearfix\" data-tab=\"4\" role=\"region\" aria-labelledby=\"elementor-tab-title-2394\"><p data-start=\"1210\" data-end=\"1491\">Uyku apnesi tedavisinde en yayg\u0131n kullan\u0131lan cihaz <strong data-start=\"1261\" data-end=\"1279\">CPAP cihaz\u0131d\u0131r<\/strong>. Ayr\u0131ca BiPAP cihazlar\u0131, oksijen konsantrat\u00f6rleri ve nemlendirici \u00fcniteler de doktor \u00f6nerisiyle tedaviye eklenebilir. Hangi cihaz\u0131n size uygun oldu\u011funa doktorunuzun y\u00f6nlendirmesiyle karar vermek en do\u011frusudur.<\/p><\/div>\n\t\t\t\t<\/div>\n\t\t\t\t\t\t\t<div class=\"elementor-toggle-item\">\n\t\t\t\t\t<div id=\"elementor-tab-title-2395\" class=\"elementor-tab-title\" data-tab=\"5\" role=\"button\" aria-controls=\"elementor-tab-content-2395\" aria-expanded=\"false\">\n\t\t\t\t\t\t\t\t\t\t\t\t<span class=\"elementor-toggle-icon elementor-toggle-icon-right\" aria-hidden=\"true\">\n\t\t\t\t\t\t\t\t\t\t\t\t\t\t\t<span class=\"elementor-toggle-icon-closed\"><svg class=\"e-font-icon-svg e-fas-chevron-down\" viewBox=\"0 0 448 512\" xmlns=\"http:\/\/www.w3.org\/2000\/svg\"><path d=\"M207.029 381.476L12.686 187.132c-9.373-9.373-9.373-24.569 0-33.941l22.667-22.667c9.357-9.357 24.522-9.375 33.901-.04L224 284.505l154.745-154.021c9.379-9.335 24.544-9.317 33.901.04l22.667 22.667c9.373 9.373 9.373 24.569 0 33.941L240.971 381.476c-9.373 9.372-24.569 9.372-33.942 0z\"><\/path><\/svg><\/span>\n\t\t\t\t\t\t\t\t<span class=\"elementor-toggle-icon-opened\"><svg class=\"elementor-toggle-icon-opened e-font-icon-svg e-fas-chevron-up\" viewBox=\"0 0 448 512\" xmlns=\"http:\/\/www.w3.org\/2000\/svg\"><path d=\"M240.971 130.524l194.343 194.343c9.373 9.373 9.373 24.569 0 33.941l-22.667 22.667c-9.357 9.357-24.522 9.375-33.901.04L224 227.495 69.255 381.516c-9.379 9.335-24.544 9.317-33.901-.04l-22.667-22.667c-9.373-9.373-9.373-24.569 0-33.941L207.03 130.525c9.372-9.373 24.568-9.373 33.941-.001z\"><\/path><\/svg><\/span>\n\t\t\t\t\t\t\t\t\t\t\t\t\t<\/span>\n\t\t\t\t\t\t\t\t\t\t\t\t<a class=\"elementor-toggle-title\" tabindex=\"0\">CPAP maskemi ne s\u0131kl\u0131kla de\u011fi\u015ftirmem gerekir?<\/a>\n\t\t\t\t\t<\/div>\n\n\t\t\t\t\t<div id=\"elementor-tab-content-2395\" class=\"elementor-tab-content elementor-clearfix\" data-tab=\"5\" role=\"region\" aria-labelledby=\"elementor-tab-title-2395\"><p data-start=\"1554\" data-end=\"1830\">Genel olarak CPAP maskelerinin 6 ila 12 ayda bir de\u011fi\u015ftirilmesi \u00f6nerilir. D\u00fczenli temizlik yap\u0131lsa bile maskenin silikon yast\u0131klar\u0131 zamanla y\u0131pran\u0131r ve hava ka\u00e7aklar\u0131na yol a\u00e7abilir. Maske kay\u0131\u015flar\u0131 gev\u015fedi\u011finde veya cilt tahri\u015fi ba\u015flad\u0131\u011f\u0131nda de\u011fi\u015fim zaman\u0131 gelmi\u015f demektir.<\/p><\/div>\n\t\t\t\t<\/div>\n\t\t\t\t\t\t\t\t<\/div>\n\t\t\t\t\t\t<\/div>\n\t\t\t\t<\/div>\n\t\t\t\t<\/div>\n\t\t\t\t\t<\/div>\n\t\t\t\t<\/div>\n\t\t\t\t<\/div>\n\t\t","protected":false},"excerpt":{"rendered":"<p>\u00c7\u00f6z\u00fcld\u00fc Soru(n) mu var? Soru(n) mu var? Bizimle \u0130leti\u015fime Ge\u00e7in Uyku apnesi ve solunum cihazlar\u0131 ile ilgili sorular\u0131n\u0131z m\u0131 var? Size en k\u0131sa s\u00fcrede d\u00f6n\u00fc\u015f yapmak i\u00e7in buraday\u0131z. G\u00f6nder SORU(N)lar\u0131n\u0131z varsa \u00c7\u00d6Z\u00dcMlerimiz var CPAP cihaz\u0131 nedir ve nas\u0131l \u00e7al\u0131\u015f\u0131r? CPAP cihaz\u0131 (S\u00fcrekli Pozitif Havayolu Bas\u0131nc\u0131), uyku apnesi hastalar\u0131n\u0131n uyku s\u0131ras\u0131nda solunum yollar\u0131n\u0131n a\u00e7\u0131k kalmas\u0131n\u0131 sa\u011flayan [&hellip;]<\/p>\n","protected":false},"author":1,"featured_media":0,"parent":0,"menu_order":0,"comment_status":"closed","ping_status":"closed","template":"","meta":{"om_disable_all_campaigns":false,"_monsterinsights_skip_tracking":false,"_monsterinsights_sitenote_active":false,"_monsterinsights_sitenote_note":"","_monsterinsights_sitenote_category":0,"footnotes":""},"tags":[],"class_list":["post-3123","page","type-page","status-publish","hentry"],"aioseo_notices":[],"_links":{"self":[{"href":"https:\/\/medikalog.com\/mblog\/wp-json\/wp\/v2\/pages\/3123","targetHints":{"allow":["GET"]}}],"collection":[{"href":"https:\/\/medikalog.com\/mblog\/wp-json\/wp\/v2\/pages"}],"about":[{"href":"https:\/\/medikalog.com\/mblog\/wp-json\/wp\/v2\/types\/page"}],"author":[{"embeddable":true,"href":"https:\/\/medikalog.com\/mblog\/wp-json\/wp\/v2\/users\/1"}],"replies":[{"embeddable":true,"href":"https:\/\/medikalog.com\/mblog\/wp-json\/wp\/v2\/comments?post=3123"}],"version-history":[{"count":8,"href":"https:\/\/medikalog.com\/mblog\/wp-json\/wp\/v2\/pages\/3123\/revisions"}],"predecessor-version":[{"id":5114,"href":"https:\/\/medikalog.com\/mblog\/wp-json\/wp\/v2\/pages\/3123\/revisions\/5114"}],"wp:attachment":[{"href":"https:\/\/medikalog.com\/mblog\/wp-json\/wp\/v2\/media?parent=3123"}],"wp:term":[{"taxonomy":"post_tag","embeddable":true,"href":"https:\/\/medikalog.com\/mblog\/wp-json\/wp\/v2\/tags?post=3123"}],"curies":[{"name":"wp","href":"https:\/\/api.w.org\/{rel}","templated":true}]}}